{"id":18785,"date":"2025-05-30T13:34:48","date_gmt":"2025-05-30T11:34:48","guid":{"rendered":"https:\/\/www.surgival.com\/?post_type=product&#038;p=18785"},"modified":"2025-05-30T14:58:39","modified_gmt":"2025-05-30T12:58:39","slug":"quarter-cotilo","status":"publish","type":"product","link":"https:\/\/www.surgival.com\/fr\/producto\/quarter-cotilo\/","title":{"rendered":"QUARTER COTILO"},"content":{"rendered":"<ul>\n<li>Material: Aleaci\u00f3n de titanio Ti6AI4V (ISO 5832-3) y recubrimiento Plasma Spray (Titanio e Hidroxiapatita).<\/li>\n<li>Con ranuras perif\u00e9ricas que crean un recrecido perimetral y refuerzan la fijaci\u00f3n primaria, asegurando un mejor pressfit.<\/li>\n<li>Tap\u00f3n apical y tapones roscados, con recubrimiento Plasma Spray (Titanio e Hidroxiapatita).<\/li>\n<li>Orificios para tornillos transacetabulares.<\/li>\n<li>12 Almenas anti-rotacionales internas.<\/li>\n<li>Ranura interior ecuatorial para enclavado del inserto<\/li>\n<li>Tallas: desde di\u00e1metro \u00d8 40 mm. hasta \u00d8 68 mm<\/li>\n<\/ul>\n","protected":false},"excerpt":{"rendered":"<p>QUARTER COTILO<\/p>\n","protected":false},"featured_media":18795,"template":"","meta":{"_et_pb_use_builder":"","_et_pb_old_content":"","_et_gb_content_width":""},"product_brand":[],"product_cat":[376,384],"product_tag":[],"class_list":{"0":"post-18785","1":"product","2":"type-product","3":"status-publish","4":"has-post-thumbnail","6":"product_cat-cadera","7":"product_cat-cotilos","8":"pa_talla-cotilo-385","9":"pa_talla-cotilo-386","10":"pa_talla-cotilo-387","11":"pa_talla-cotilo-388","12":"pa_talla-cotilo-389","13":"pa_talla-cotilo-390","14":"pa_talla-cotilo-391","15":"pa_talla-cotilo-392","16":"pa_talla-cotilo-393","17":"pa_talla-cotilo-394","18":"pa_talla-cotilo-395","19":"pa_talla-cotilo-396","20":"pa_talla-cotilo-397","21":"pa_talla-cotilo-398","22":"pa_talla-cotilo-399","24":"first","25":"instock","26":"taxable","27":"shipping-taxable","28":"purchasable","29":"product-type-variable"},"yoast_head":"<!-- This site is optimized with the Yoast SEO plugin v23.0 - https:\/\/yoast.com\/wordpress\/plugins\/seo\/ -->\n<title>QUARTER COTILO - SURGIVAL E-COMMERCE<\/title>\n<meta name=\"robots\" content=\"index, follow, max-snippet:-1, max-image-preview:large, max-video-preview:-1\" \/>\n<link rel=\"canonical\" href=\"https:\/\/www.surgival.com\/fr\/producto\/quarter-cotilo\/\" \/>\n<meta property=\"og:locale\" content=\"fr_FR\" \/>\n<meta property=\"og:type\" content=\"article\" \/>\n<meta property=\"og:title\" content=\"QUARTER COTILO - SURGIVAL E-COMMERCE\" \/>\n<meta property=\"og:description\" content=\"QUARTER COTILO\" \/>\n<meta property=\"og:url\" content=\"https:\/\/www.surgival.com\/fr\/producto\/quarter-cotilo\/\" \/>\n<meta property=\"og:site_name\" content=\"SURGIVAL E-COMMERCE\" \/>\n<meta property=\"article:publisher\" content=\"https:\/\/www.facebook.com\/surgival\" \/>\n<meta property=\"article:modified_time\" content=\"2025-05-30T12:58:39+00:00\" \/>\n<meta property=\"og:image\" content=\"https:\/\/www.surgival.com\/wp-content\/uploads\/2025\/05\/COTILO-QUARTER-SURGIVAL.jpg\" \/>\n\t<meta property=\"og:image:width\" content=\"566\" \/>\n\t<meta property=\"og:image:height\" content=\"567\" \/>\n\t<meta property=\"og:image:type\" content=\"image\/jpeg\" \/>\n<meta name=\"twitter:card\" content=\"summary_large_image\" \/>\n<meta name=\"twitter:site\" content=\"@Surgival\" \/>\n<script type=\"application\/ld+json\" class=\"yoast-schema-graph\">{\"@context\":\"https:\/\/schema.org\",\"@graph\":[{\"@type\":\"WebPage\",\"@id\":\"https:\/\/www.surgival.com\/fr\/producto\/quarter-cotilo\/\",\"url\":\"https:\/\/www.surgival.com\/fr\/producto\/quarter-cotilo\/\",\"name\":\"QUARTER COTILO - SURGIVAL E-COMMERCE\",\"isPartOf\":{\"@id\":\"https:\/\/www.surgival.com\/fr\/#website\"},\"primaryImageOfPage\":{\"@id\":\"https:\/\/www.surgival.com\/fr\/producto\/quarter-cotilo\/#primaryimage\"},\"image\":{\"@id\":\"https:\/\/www.surgival.com\/fr\/producto\/quarter-cotilo\/#primaryimage\"},\"thumbnailUrl\":\"https:\/\/www.surgival.com\/wp-content\/uploads\/2025\/05\/COTILO-QUARTER-SURGIVAL.jpg\",\"datePublished\":\"2025-05-30T11:34:48+00:00\",\"dateModified\":\"2025-05-30T12:58:39+00:00\",\"breadcrumb\":{\"@id\":\"https:\/\/www.surgival.com\/fr\/producto\/quarter-cotilo\/#breadcrumb\"},\"inLanguage\":\"fr-FR\",\"potentialAction\":[{\"@type\":\"ReadAction\",\"target\":[\"https:\/\/www.surgival.com\/fr\/producto\/quarter-cotilo\/\"]}]},{\"@type\":\"ImageObject\",\"inLanguage\":\"fr-FR\",\"@id\":\"https:\/\/www.surgival.com\/fr\/producto\/quarter-cotilo\/#primaryimage\",\"url\":\"https:\/\/www.surgival.com\/wp-content\/uploads\/2025\/05\/COTILO-QUARTER-SURGIVAL.jpg\",\"contentUrl\":\"https:\/\/www.surgival.com\/wp-content\/uploads\/2025\/05\/COTILO-QUARTER-SURGIVAL.jpg\",\"width\":566,\"height\":567},{\"@type\":\"BreadcrumbList\",\"@id\":\"https:\/\/www.surgival.com\/fr\/producto\/quarter-cotilo\/#breadcrumb\",\"itemListElement\":[{\"@type\":\"ListItem\",\"position\":1,\"name\":\"Portada\",\"item\":\"https:\/\/www.surgival.com\/fr\/\"},{\"@type\":\"ListItem\",\"position\":2,\"name\":\"prueba ecommerce\",\"item\":\"https:\/\/www.surgival.com\/prueba-ecommerce\/\"},{\"@type\":\"ListItem\",\"position\":3,\"name\":\"QUARTER COTILO\"}]},{\"@type\":\"WebSite\",\"@id\":\"https:\/\/www.surgival.com\/fr\/#website\",\"url\":\"https:\/\/www.surgival.com\/fr\/\",\"name\":\"SURGIVAL E-COMMERCE\",\"description\":\"Fabricantes de implantes e instrumentales para COT\",\"publisher\":{\"@id\":\"https:\/\/www.surgival.com\/fr\/#organization\"},\"potentialAction\":[{\"@type\":\"SearchAction\",\"target\":{\"@type\":\"EntryPoint\",\"urlTemplate\":\"https:\/\/www.surgival.com\/fr\/?s={search_term_string}\"},\"query-input\":\"required name=search_term_string\"}],\"inLanguage\":\"fr-FR\"},{\"@type\":\"Organization\",\"@id\":\"https:\/\/www.surgival.com\/fr\/#organization\",\"name\":\"Surgival\",\"url\":\"https:\/\/www.surgival.com\/fr\/\",\"logo\":{\"@type\":\"ImageObject\",\"inLanguage\":\"fr-FR\",\"@id\":\"https:\/\/www.surgival.com\/fr\/#\/schema\/logo\/image\/\",\"url\":\"https:\/\/www.surgival.com\/wp-content\/uploads\/2021\/11\/logo-surgival-2019-azul-e1636448459216.png\",\"contentUrl\":\"https:\/\/www.surgival.com\/wp-content\/uploads\/2021\/11\/logo-surgival-2019-azul-e1636448459216.png\",\"width\":181,\"height\":198,\"caption\":\"Surgival\"},\"image\":{\"@id\":\"https:\/\/www.surgival.com\/fr\/#\/schema\/logo\/image\/\"},\"sameAs\":[\"https:\/\/www.facebook.com\/surgival\",\"https:\/\/x.com\/Surgival\",\"https:\/\/www.instagram.com\/surgival_oficial\/\",\"https:\/\/www.linkedin.com\/company\/surgival\/mycompany\/?viewAsMember=true\",\"https:\/\/www.youtube.com\/channel\/UC10REEombht3shzAc56pKyA\"]}]}<\/script>\n<!-- \/ Yoast SEO plugin. -->","yoast_head_json":{"title":"QUARTER COTILO - SURGIVAL E-COMMERCE","robots":{"index":"index","follow":"follow","max-snippet":"max-snippet:-1","max-image-preview":"max-image-preview:large","max-video-preview":"max-video-preview:-1"},"canonical":"https:\/\/www.surgival.com\/fr\/producto\/quarter-cotilo\/","og_locale":"fr_FR","og_type":"article","og_title":"QUARTER COTILO - SURGIVAL E-COMMERCE","og_description":"QUARTER COTILO","og_url":"https:\/\/www.surgival.com\/fr\/producto\/quarter-cotilo\/","og_site_name":"SURGIVAL E-COMMERCE","article_publisher":"https:\/\/www.facebook.com\/surgival","article_modified_time":"2025-05-30T12:58:39+00:00","og_image":[{"width":566,"height":567,"url":"https:\/\/www.surgival.com\/wp-content\/uploads\/2025\/05\/COTILO-QUARTER-SURGIVAL.jpg","type":"image\/jpeg"}],"twitter_card":"summary_large_image","twitter_site":"@Surgival","schema":{"@context":"https:\/\/schema.org","@graph":[{"@type":"WebPage","@id":"https:\/\/www.surgival.com\/fr\/producto\/quarter-cotilo\/","url":"https:\/\/www.surgival.com\/fr\/producto\/quarter-cotilo\/","name":"QUARTER COTILO - SURGIVAL E-COMMERCE","isPartOf":{"@id":"https:\/\/www.surgival.com\/fr\/#website"},"primaryImageOfPage":{"@id":"https:\/\/www.surgival.com\/fr\/producto\/quarter-cotilo\/#primaryimage"},"image":{"@id":"https:\/\/www.surgival.com\/fr\/producto\/quarter-cotilo\/#primaryimage"},"thumbnailUrl":"https:\/\/www.surgival.com\/wp-content\/uploads\/2025\/05\/COTILO-QUARTER-SURGIVAL.jpg","datePublished":"2025-05-30T11:34:48+00:00","dateModified":"2025-05-30T12:58:39+00:00","breadcrumb":{"@id":"https:\/\/www.surgival.com\/fr\/producto\/quarter-cotilo\/#breadcrumb"},"inLanguage":"fr-FR","potentialAction":[{"@type":"ReadAction","target":["https:\/\/www.surgival.com\/fr\/producto\/quarter-cotilo\/"]}]},{"@type":"ImageObject","inLanguage":"fr-FR","@id":"https:\/\/www.surgival.com\/fr\/producto\/quarter-cotilo\/#primaryimage","url":"https:\/\/www.surgival.com\/wp-content\/uploads\/2025\/05\/COTILO-QUARTER-SURGIVAL.jpg","contentUrl":"https:\/\/www.surgival.com\/wp-content\/uploads\/2025\/05\/COTILO-QUARTER-SURGIVAL.jpg","width":566,"height":567},{"@type":"BreadcrumbList","@id":"https:\/\/www.surgival.com\/fr\/producto\/quarter-cotilo\/#breadcrumb","itemListElement":[{"@type":"ListItem","position":1,"name":"Portada","item":"https:\/\/www.surgival.com\/fr\/"},{"@type":"ListItem","position":2,"name":"prueba ecommerce","item":"https:\/\/www.surgival.com\/prueba-ecommerce\/"},{"@type":"ListItem","position":3,"name":"QUARTER COTILO"}]},{"@type":"WebSite","@id":"https:\/\/www.surgival.com\/fr\/#website","url":"https:\/\/www.surgival.com\/fr\/","name":"SURGIVAL E-COMMERCE","description":"Fabricantes de implantes e instrumentales para COT","publisher":{"@id":"https:\/\/www.surgival.com\/fr\/#organization"},"potentialAction":[{"@type":"SearchAction","target":{"@type":"EntryPoint","urlTemplate":"https:\/\/www.surgival.com\/fr\/?s={search_term_string}"},"query-input":"required name=search_term_string"}],"inLanguage":"fr-FR"},{"@type":"Organization","@id":"https:\/\/www.surgival.com\/fr\/#organization","name":"Surgival","url":"https:\/\/www.surgival.com\/fr\/","logo":{"@type":"ImageObject","inLanguage":"fr-FR","@id":"https:\/\/www.surgival.com\/fr\/#\/schema\/logo\/image\/","url":"https:\/\/www.surgival.com\/wp-content\/uploads\/2021\/11\/logo-surgival-2019-azul-e1636448459216.png","contentUrl":"https:\/\/www.surgival.com\/wp-content\/uploads\/2021\/11\/logo-surgival-2019-azul-e1636448459216.png","width":181,"height":198,"caption":"Surgival"},"image":{"@id":"https:\/\/www.surgival.com\/fr\/#\/schema\/logo\/image\/"},"sameAs":["https:\/\/www.facebook.com\/surgival","https:\/\/x.com\/Surgival","https:\/\/www.instagram.com\/surgival_oficial\/","https:\/\/www.linkedin.com\/company\/surgival\/mycompany\/?viewAsMember=true","https:\/\/www.youtube.com\/channel\/UC10REEombht3shzAc56pKyA"]}]}},"_links":{"self":[{"href":"https:\/\/www.surgival.com\/fr\/wp-json\/wp\/v2\/product\/18785","targetHints":{"allow":["GET"]}}],"collection":[{"href":"https:\/\/www.surgival.com\/fr\/wp-json\/wp\/v2\/product"}],"about":[{"href":"https:\/\/www.surgival.com\/fr\/wp-json\/wp\/v2\/types\/product"}],"wp:featuredmedia":[{"embeddable":true,"href":"https:\/\/www.surgival.com\/fr\/wp-json\/wp\/v2\/media\/18795"}],"wp:attachment":[{"href":"https:\/\/www.surgival.com\/fr\/wp-json\/wp\/v2\/media?parent=18785"}],"wp:term":[{"taxonomy":"product_brand","embeddable":true,"href":"https:\/\/www.surgival.com\/fr\/wp-json\/wp\/v2\/product_brand?post=18785"},{"taxonomy":"product_cat","embeddable":true,"href":"https:\/\/www.surgival.com\/fr\/wp-json\/wp\/v2\/product_cat?post=18785"},{"taxonomy":"product_tag","embeddable":true,"href":"https:\/\/www.surgival.com\/fr\/wp-json\/wp\/v2\/product_tag?post=18785"}],"curies":[{"name":"wp","href":"https:\/\/api.w.org\/{rel}","templated":true}]}}