{"id":18730,"date":"2025-05-28T13:00:41","date_gmt":"2025-05-28T11:00:41","guid":{"rendered":"https:\/\/www.surgival.com\/?post_type=product&#038;p=18730"},"modified":"2025-06-02T12:37:39","modified_gmt":"2025-06-02T10:37:39","slug":"karey-ha-no-collar-standard-offset","status":"publish","type":"product","link":"https:\/\/www.surgival.com\/en\/producto\/karey-ha-no-collar-standard-offset\/","title":{"rendered":"KAREY HA NO COLLAR STANDARD OFFSET"},"content":{"rendered":"<ul>\n<li>Fabricado en\u00a0<strong>Aleaci\u00f3n de Titanio (Ti6Al4V).<\/strong><\/li>\n<li><strong>Recubrimiento\u00a0proyecci\u00f3n de Hidroxiapatita<\/strong>\u00a0(130 \u00b5m) que proporciona una superficie porosa con una excelente biocompatibilidad y genera una estructura \u00f3ptima para el crecimiento \u00f3seo.<\/li>\n<li><strong>Macroestructuras semicirculares<\/strong>\u00a0metafisarias: aumentan la superficie de contacto, evitan el hundimiento y tienen un efecto antivaro.<\/li>\n<li><strong>Hendiduras longitudinales:<\/strong>\u00a0Aumentan la superficie de contacto hueso-implante, evitan la rotaci\u00f3n, disminuyen la rigidez distal con respecto a la porci\u00f3n metafisaria y mejoran la vascularizaci\u00f3n diafisaria del f\u00e9mur protetizado.<\/li>\n<li>Uso:\u00a0<strong>No Cementado<\/strong><\/li>\n<li>Standard Offset<\/li>\n<li>ACD: 135\u00ba<\/li>\n<li>Disponible en 9 tallas: 8 a 16<\/li>\n<\/ul>\n","protected":false},"excerpt":{"rendered":"<p>KAREY HA NO COLLAR STANDARD OFFSET<\/p>\n","protected":false},"featured_media":18709,"template":"","meta":{"_et_pb_use_builder":"","_et_pb_old_content":"","_et_gb_content_width":""},"product_brand":[],"product_cat":[376,383],"product_tag":[],"class_list":{"0":"post-18730","1":"product","2":"type-product","3":"status-publish","4":"has-post-thumbnail","6":"product_cat-cadera","7":"product_cat-vastagos","9":"first","10":"instock","11":"taxable","12":"shipping-taxable","13":"purchasable","14":"product-type-simple"},"yoast_head":"<!-- This site is optimized with the Yoast SEO plugin v23.0 - https:\/\/yoast.com\/wordpress\/plugins\/seo\/ -->\n<title>KAREY HA NO COLLAR STANDARD OFFSET - SURGIVAL E-COMMERCE<\/title>\n<meta name=\"robots\" content=\"index, follow, max-snippet:-1, max-image-preview:large, max-video-preview:-1\" \/>\n<link rel=\"canonical\" href=\"https:\/\/www.surgival.com\/en\/producto\/karey-ha-no-collar-standard-offset\/\" \/>\n<meta property=\"og:locale\" content=\"en_US\" \/>\n<meta property=\"og:type\" content=\"article\" \/>\n<meta property=\"og:title\" content=\"KAREY HA NO COLLAR STANDARD OFFSET - SURGIVAL E-COMMERCE\" \/>\n<meta property=\"og:description\" content=\"KAREY HA NO COLLAR STANDARD OFFSET\" \/>\n<meta property=\"og:url\" content=\"https:\/\/www.surgival.com\/en\/producto\/karey-ha-no-collar-standard-offset\/\" \/>\n<meta property=\"og:site_name\" content=\"SURGIVAL E-COMMERCE\" \/>\n<meta property=\"article:publisher\" content=\"https:\/\/www.facebook.com\/surgival\" \/>\n<meta property=\"article:modified_time\" content=\"2025-06-02T10:37:39+00:00\" \/>\n<meta property=\"og:image\" content=\"https:\/\/www.surgival.com\/wp-content\/uploads\/2025\/05\/02-KAREY-HA-NO-COLLAR-135-SO-scaled.png\" \/>\n\t<meta property=\"og:image:width\" content=\"2560\" \/>\n\t<meta property=\"og:image:height\" content=\"2560\" \/>\n\t<meta property=\"og:image:type\" content=\"image\/png\" \/>\n<meta name=\"twitter:card\" content=\"summary_large_image\" \/>\n<meta name=\"twitter:site\" content=\"@Surgival\" \/>\n<script type=\"application\/ld+json\" class=\"yoast-schema-graph\">{\"@context\":\"https:\/\/schema.org\",\"@graph\":[{\"@type\":\"WebPage\",\"@id\":\"https:\/\/www.surgival.com\/en\/producto\/karey-ha-no-collar-standard-offset\/\",\"url\":\"https:\/\/www.surgival.com\/en\/producto\/karey-ha-no-collar-standard-offset\/\",\"name\":\"KAREY HA NO COLLAR STANDARD OFFSET - SURGIVAL E-COMMERCE\",\"isPartOf\":{\"@id\":\"https:\/\/www.surgival.com\/en\/#website\"},\"primaryImageOfPage\":{\"@id\":\"https:\/\/www.surgival.com\/en\/producto\/karey-ha-no-collar-standard-offset\/#primaryimage\"},\"image\":{\"@id\":\"https:\/\/www.surgival.com\/en\/producto\/karey-ha-no-collar-standard-offset\/#primaryimage\"},\"thumbnailUrl\":\"https:\/\/www.surgival.com\/wp-content\/uploads\/2025\/05\/02-KAREY-HA-NO-COLLAR-135-SO-scaled.png\",\"datePublished\":\"2025-05-28T11:00:41+00:00\",\"dateModified\":\"2025-06-02T10:37:39+00:00\",\"breadcrumb\":{\"@id\":\"https:\/\/www.surgival.com\/en\/producto\/karey-ha-no-collar-standard-offset\/#breadcrumb\"},\"inLanguage\":\"en-US\",\"potentialAction\":[{\"@type\":\"ReadAction\",\"target\":[\"https:\/\/www.surgival.com\/en\/producto\/karey-ha-no-collar-standard-offset\/\"]}]},{\"@type\":\"ImageObject\",\"inLanguage\":\"en-US\",\"@id\":\"https:\/\/www.surgival.com\/en\/producto\/karey-ha-no-collar-standard-offset\/#primaryimage\",\"url\":\"https:\/\/www.surgival.com\/wp-content\/uploads\/2025\/05\/02-KAREY-HA-NO-COLLAR-135-SO-scaled.png\",\"contentUrl\":\"https:\/\/www.surgival.com\/wp-content\/uploads\/2025\/05\/02-KAREY-HA-NO-COLLAR-135-SO-scaled.png\",\"width\":2560,\"height\":2560},{\"@type\":\"BreadcrumbList\",\"@id\":\"https:\/\/www.surgival.com\/en\/producto\/karey-ha-no-collar-standard-offset\/#breadcrumb\",\"itemListElement\":[{\"@type\":\"ListItem\",\"position\":1,\"name\":\"Portada\",\"item\":\"https:\/\/www.surgival.com\/en\/\"},{\"@type\":\"ListItem\",\"position\":2,\"name\":\"prueba ecommerce\",\"item\":\"https:\/\/www.surgival.com\/prueba-ecommerce\/\"},{\"@type\":\"ListItem\",\"position\":3,\"name\":\"KAREY HA NO COLLAR STANDARD OFFSET\"}]},{\"@type\":\"WebSite\",\"@id\":\"https:\/\/www.surgival.com\/en\/#website\",\"url\":\"https:\/\/www.surgival.com\/en\/\",\"name\":\"SURGIVAL E-COMMERCE\",\"description\":\"Fabricantes de implantes e instrumentales para COT\",\"publisher\":{\"@id\":\"https:\/\/www.surgival.com\/en\/#organization\"},\"potentialAction\":[{\"@type\":\"SearchAction\",\"target\":{\"@type\":\"EntryPoint\",\"urlTemplate\":\"https:\/\/www.surgival.com\/en\/?s={search_term_string}\"},\"query-input\":\"required name=search_term_string\"}],\"inLanguage\":\"en-US\"},{\"@type\":\"Organization\",\"@id\":\"https:\/\/www.surgival.com\/en\/#organization\",\"name\":\"Surgival\",\"url\":\"https:\/\/www.surgival.com\/en\/\",\"logo\":{\"@type\":\"ImageObject\",\"inLanguage\":\"en-US\",\"@id\":\"https:\/\/www.surgival.com\/en\/#\/schema\/logo\/image\/\",\"url\":\"https:\/\/www.surgival.com\/wp-content\/uploads\/2021\/11\/logo-surgival-2019-azul-e1636448459216.png\",\"contentUrl\":\"https:\/\/www.surgival.com\/wp-content\/uploads\/2021\/11\/logo-surgival-2019-azul-e1636448459216.png\",\"width\":181,\"height\":198,\"caption\":\"Surgival\"},\"image\":{\"@id\":\"https:\/\/www.surgival.com\/en\/#\/schema\/logo\/image\/\"},\"sameAs\":[\"https:\/\/www.facebook.com\/surgival\",\"https:\/\/x.com\/Surgival\",\"https:\/\/www.instagram.com\/surgival_oficial\/\",\"https:\/\/www.linkedin.com\/company\/surgival\/mycompany\/?viewAsMember=true\",\"https:\/\/www.youtube.com\/channel\/UC10REEombht3shzAc56pKyA\"]}]}<\/script>\n<!-- \/ Yoast SEO plugin. -->","yoast_head_json":{"title":"KAREY HA NO COLLAR STANDARD OFFSET - SURGIVAL E-COMMERCE","robots":{"index":"index","follow":"follow","max-snippet":"max-snippet:-1","max-image-preview":"max-image-preview:large","max-video-preview":"max-video-preview:-1"},"canonical":"https:\/\/www.surgival.com\/en\/producto\/karey-ha-no-collar-standard-offset\/","og_locale":"en_US","og_type":"article","og_title":"KAREY HA NO COLLAR STANDARD OFFSET - SURGIVAL E-COMMERCE","og_description":"KAREY HA NO COLLAR STANDARD OFFSET","og_url":"https:\/\/www.surgival.com\/en\/producto\/karey-ha-no-collar-standard-offset\/","og_site_name":"SURGIVAL E-COMMERCE","article_publisher":"https:\/\/www.facebook.com\/surgival","article_modified_time":"2025-06-02T10:37:39+00:00","og_image":[{"width":2560,"height":2560,"url":"https:\/\/www.surgival.com\/wp-content\/uploads\/2025\/05\/02-KAREY-HA-NO-COLLAR-135-SO-scaled.png","type":"image\/png"}],"twitter_card":"summary_large_image","twitter_site":"@Surgival","schema":{"@context":"https:\/\/schema.org","@graph":[{"@type":"WebPage","@id":"https:\/\/www.surgival.com\/en\/producto\/karey-ha-no-collar-standard-offset\/","url":"https:\/\/www.surgival.com\/en\/producto\/karey-ha-no-collar-standard-offset\/","name":"KAREY HA NO COLLAR STANDARD OFFSET - SURGIVAL E-COMMERCE","isPartOf":{"@id":"https:\/\/www.surgival.com\/en\/#website"},"primaryImageOfPage":{"@id":"https:\/\/www.surgival.com\/en\/producto\/karey-ha-no-collar-standard-offset\/#primaryimage"},"image":{"@id":"https:\/\/www.surgival.com\/en\/producto\/karey-ha-no-collar-standard-offset\/#primaryimage"},"thumbnailUrl":"https:\/\/www.surgival.com\/wp-content\/uploads\/2025\/05\/02-KAREY-HA-NO-COLLAR-135-SO-scaled.png","datePublished":"2025-05-28T11:00:41+00:00","dateModified":"2025-06-02T10:37:39+00:00","breadcrumb":{"@id":"https:\/\/www.surgival.com\/en\/producto\/karey-ha-no-collar-standard-offset\/#breadcrumb"},"inLanguage":"en-US","potentialAction":[{"@type":"ReadAction","target":["https:\/\/www.surgival.com\/en\/producto\/karey-ha-no-collar-standard-offset\/"]}]},{"@type":"ImageObject","inLanguage":"en-US","@id":"https:\/\/www.surgival.com\/en\/producto\/karey-ha-no-collar-standard-offset\/#primaryimage","url":"https:\/\/www.surgival.com\/wp-content\/uploads\/2025\/05\/02-KAREY-HA-NO-COLLAR-135-SO-scaled.png","contentUrl":"https:\/\/www.surgival.com\/wp-content\/uploads\/2025\/05\/02-KAREY-HA-NO-COLLAR-135-SO-scaled.png","width":2560,"height":2560},{"@type":"BreadcrumbList","@id":"https:\/\/www.surgival.com\/en\/producto\/karey-ha-no-collar-standard-offset\/#breadcrumb","itemListElement":[{"@type":"ListItem","position":1,"name":"Portada","item":"https:\/\/www.surgival.com\/en\/"},{"@type":"ListItem","position":2,"name":"prueba ecommerce","item":"https:\/\/www.surgival.com\/prueba-ecommerce\/"},{"@type":"ListItem","position":3,"name":"KAREY HA NO COLLAR STANDARD OFFSET"}]},{"@type":"WebSite","@id":"https:\/\/www.surgival.com\/en\/#website","url":"https:\/\/www.surgival.com\/en\/","name":"SURGIVAL E-COMMERCE","description":"Fabricantes de implantes e instrumentales para COT","publisher":{"@id":"https:\/\/www.surgival.com\/en\/#organization"},"potentialAction":[{"@type":"SearchAction","target":{"@type":"EntryPoint","urlTemplate":"https:\/\/www.surgival.com\/en\/?s={search_term_string}"},"query-input":"required name=search_term_string"}],"inLanguage":"en-US"},{"@type":"Organization","@id":"https:\/\/www.surgival.com\/en\/#organization","name":"Surgival","url":"https:\/\/www.surgival.com\/en\/","logo":{"@type":"ImageObject","inLanguage":"en-US","@id":"https:\/\/www.surgival.com\/en\/#\/schema\/logo\/image\/","url":"https:\/\/www.surgival.com\/wp-content\/uploads\/2021\/11\/logo-surgival-2019-azul-e1636448459216.png","contentUrl":"https:\/\/www.surgival.com\/wp-content\/uploads\/2021\/11\/logo-surgival-2019-azul-e1636448459216.png","width":181,"height":198,"caption":"Surgival"},"image":{"@id":"https:\/\/www.surgival.com\/en\/#\/schema\/logo\/image\/"},"sameAs":["https:\/\/www.facebook.com\/surgival","https:\/\/x.com\/Surgival","https:\/\/www.instagram.com\/surgival_oficial\/","https:\/\/www.linkedin.com\/company\/surgival\/mycompany\/?viewAsMember=true","https:\/\/www.youtube.com\/channel\/UC10REEombht3shzAc56pKyA"]}]}},"_links":{"self":[{"href":"https:\/\/www.surgival.com\/en\/wp-json\/wp\/v2\/product\/18730","targetHints":{"allow":["GET"]}}],"collection":[{"href":"https:\/\/www.surgival.com\/en\/wp-json\/wp\/v2\/product"}],"about":[{"href":"https:\/\/www.surgival.com\/en\/wp-json\/wp\/v2\/types\/product"}],"wp:featuredmedia":[{"embeddable":true,"href":"https:\/\/www.surgival.com\/en\/wp-json\/wp\/v2\/media\/18709"}],"wp:attachment":[{"href":"https:\/\/www.surgival.com\/en\/wp-json\/wp\/v2\/media?parent=18730"}],"wp:term":[{"taxonomy":"product_brand","embeddable":true,"href":"https:\/\/www.surgival.com\/en\/wp-json\/wp\/v2\/product_brand?post=18730"},{"taxonomy":"product_cat","embeddable":true,"href":"https:\/\/www.surgival.com\/en\/wp-json\/wp\/v2\/product_cat?post=18730"},{"taxonomy":"product_tag","embeddable":true,"href":"https:\/\/www.surgival.com\/en\/wp-json\/wp\/v2\/product_tag?post=18730"}],"curies":[{"name":"wp","href":"https:\/\/api.w.org\/{rel}","templated":true}]}}